{"id":2287,"date":"2023-06-20T15:09:05","date_gmt":"2023-06-20T13:09:05","guid":{"rendered":"https:\/\/dev.handelschweiz.bertastrasse1.ch\/datenschutz\/"},"modified":"2023-12-09T09:09:04","modified_gmt":"2023-12-09T08:09:04","slug":"protection-des-donnees","status":"publish","type":"page","link":"https:\/\/handel-schweiz.com\/fr\/protection-des-donnees\/","title":{"rendered":"PROTECTION DES DONN\u00c9ES"},"content":{"rendered":"\n    <section class=\"intro-text-block   intro-text-block-69d2814ed0bb9\">\n        <div class=\"block-bg-color bg-white\"><\/div>\n\n        <div class=\"intro-text-block-content scrollMagic-block\" data-uid=\"69d2814ed0bb91\">\n            <div class=\"title-block\">\n                                                            <h1 class=\"big\"><p><b>PROTECTION DES DONN\u00c9ES <\/b><\/p>\n<\/h1>\n                                                <\/div>\n\n            <div class=\"intro-text-columns-block \">\n                <div class=\"intro-text-left-block scrollMagic-block delay-animation-1\" data-uid=\"69d2814ed0bb92\">\n                                            <p class=\"leadtext\">D\u00e9claration de protection des donn\u00e9es<\/p>\n                    \n                    <div class=\"intro-text-left-block-texteditor\">\n                        <p>Vous trouverez ici la d\u00e9claration de protection des donn\u00e9es de Commerce Suisse.<\/p>\n<p>Par cette d\u00e9claration de protection des donn\u00e9es, nous vous informons sur la mani\u00e8re dont Commerce Suisse collecte et traite les donn\u00e9es personnelles. Cette d\u00e9claration de protection des donn\u00e9es ne constitue pas une description exhaustive ; le cas \u00e9ch\u00e9ant, d&rsquo;autres d\u00e9clarations relatives \u00e0 la protection des donn\u00e9es r\u00e9gissent des situations sp\u00e9cifiques.<\/p>\n<p>Les donn\u00e9es personnelles sont toutes les informations qui se rapportent \u00e0 vous en tant que personne physique ou qui permettent de vous identifier personnellement.<\/p>\n<p>Le lien vous permet d&rsquo;acc\u00e9der \u00e0 la d\u00e9claration de protection des donn\u00e9es.<\/p>\n<p>&nbsp;<\/p>\n<p>&nbsp;<\/p>\n\n                                                                                                                                                                                                        <pre><a href=\"https:\/\/handel-schweiz.com\/datenschutz\/datenschutzerklaerung\/\" class=\"main-btn\" >EN SAVOIR PLUS<span><i class=\"far fa-external-link\"><\/i><\/span><\/a><\/pre>\n                                                                                                \n                            <div class=\"texteditor-after-btns\">\n                                                            <\/div>\n                                            <\/div>\n                <\/div>\n\n                <div class=\"intro-text-right-block scrollMagic-block delay-animation-3\" data-uid=\"69d2814ed0bb93\">\n                                    <\/div>\n            <\/div>\n        <\/div>\n    <\/section>\n\n\n\n\n\n\n\n\n","protected":false},"excerpt":{"rendered":"","protected":false},"author":1,"featured_media":1938,"parent":0,"menu_order":0,"comment_status":"closed","ping_status":"closed","template":"","meta":{"_acf_changed":false,"inline_featured_image":false,"_themeisle_gutenberg_block_has_review":false,"footnotes":""},"thema":[],"class_list":["post-2287","page","type-page","status-publish","has-post-thumbnail","hentry"],"acf":[],"yoast_head":"<!-- This site is optimized with the Yoast SEO plugin v27.3 - https:\/\/yoast.com\/product\/yoast-seo-wordpress\/ -->\n<title>PROTECTION DES DONN\u00c9ES - HANDELSchweiz<\/title>\n<meta name=\"description\" content=\"La protection des donn\u00e9es de Commerce Suisse est \u00e0 la pointe du progr\u00e8s et correspond au cadre l\u00e9gal suisse.\" \/>\n<meta name=\"robots\" content=\"index, follow, max-snippet:-1, max-image-preview:large, max-video-preview:-1\" \/>\n<link rel=\"canonical\" href=\"https:\/\/handel-schweiz.com\/fr\/protection-des-donnees\/\" \/>\n<meta property=\"og:locale\" content=\"fr_FR\" \/>\n<meta property=\"og:type\" content=\"article\" \/>\n<meta property=\"og:title\" content=\"PROTECTION DES DONN\u00c9ES - HANDELSchweiz\" \/>\n<meta property=\"og:description\" content=\"La protection des donn\u00e9es de Commerce Suisse est \u00e0 la pointe du progr\u00e8s et correspond au cadre l\u00e9gal suisse.\" \/>\n<meta property=\"og:url\" content=\"https:\/\/handel-schweiz.com\/fr\/protection-des-donnees\/\" \/>\n<meta property=\"og:site_name\" content=\"HANDELSchweiz\" \/>\n<meta property=\"article:modified_time\" content=\"2023-12-09T08:09:04+00:00\" \/>\n<meta property=\"og:image\" content=\"https:\/\/handel-schweiz.com\/wp-content\/uploads\/2023\/11\/smartphone-6466015_1920.jpg\" \/>\n\t<meta property=\"og:image:width\" content=\"1920\" \/>\n\t<meta property=\"og:image:height\" content=\"1095\" \/>\n\t<meta property=\"og:image:type\" content=\"image\/jpeg\" \/>\n<meta name=\"twitter:card\" content=\"summary_large_image\" \/>\n<meta name=\"twitter:site\" content=\"@handelschweiz\" \/>\n<script type=\"application\/ld+json\" class=\"yoast-schema-graph\">{\"@context\":\"https:\\\/\\\/schema.org\",\"@graph\":[{\"@type\":\"WebPage\",\"@id\":\"https:\\\/\\\/handel-schweiz.com\\\/fr\\\/protection-des-donnees\\\/\",\"url\":\"https:\\\/\\\/handel-schweiz.com\\\/fr\\\/protection-des-donnees\\\/\",\"name\":\"PROTECTION DES DONN\u00c9ES - HANDELSchweiz\",\"isPartOf\":{\"@id\":\"https:\\\/\\\/handel-schweiz.com\\\/#website\"},\"primaryImageOfPage\":{\"@id\":\"https:\\\/\\\/handel-schweiz.com\\\/fr\\\/protection-des-donnees\\\/#primaryimage\"},\"image\":{\"@id\":\"https:\\\/\\\/handel-schweiz.com\\\/fr\\\/protection-des-donnees\\\/#primaryimage\"},\"thumbnailUrl\":\"https:\\\/\\\/handel-schweiz.com\\\/wp-content\\\/uploads\\\/2023\\\/11\\\/smartphone-6466015_1920.jpg\",\"datePublished\":\"2023-06-20T13:09:05+00:00\",\"dateModified\":\"2023-12-09T08:09:04+00:00\",\"description\":\"La protection des donn\u00e9es de Commerce Suisse est \u00e0 la pointe du progr\u00e8s et correspond au cadre l\u00e9gal suisse.\",\"breadcrumb\":{\"@id\":\"https:\\\/\\\/handel-schweiz.com\\\/fr\\\/protection-des-donnees\\\/#breadcrumb\"},\"inLanguage\":\"fr-FR\",\"potentialAction\":[{\"@type\":\"ReadAction\",\"target\":[\"https:\\\/\\\/handel-schweiz.com\\\/fr\\\/protection-des-donnees\\\/\"]}]},{\"@type\":\"ImageObject\",\"inLanguage\":\"fr-FR\",\"@id\":\"https:\\\/\\\/handel-schweiz.com\\\/fr\\\/protection-des-donnees\\\/#primaryimage\",\"url\":\"https:\\\/\\\/handel-schweiz.com\\\/wp-content\\\/uploads\\\/2023\\\/11\\\/smartphone-6466015_1920.jpg\",\"contentUrl\":\"https:\\\/\\\/handel-schweiz.com\\\/wp-content\\\/uploads\\\/2023\\\/11\\\/smartphone-6466015_1920.jpg\",\"width\":1920,\"height\":1095,\"caption\":\"Datenschutz\\\/Handel Schweiz\"},{\"@type\":\"BreadcrumbList\",\"@id\":\"https:\\\/\\\/handel-schweiz.com\\\/fr\\\/protection-des-donnees\\\/#breadcrumb\",\"itemListElement\":[{\"@type\":\"ListItem\",\"position\":1,\"name\":\"Home\",\"item\":\"https:\\\/\\\/handel-schweiz.com\\\/fr\\\/\"},{\"@type\":\"ListItem\",\"position\":2,\"name\":\"PROTECTION DES DONN\u00c9ES\"}]},{\"@type\":\"WebSite\",\"@id\":\"https:\\\/\\\/handel-schweiz.com\\\/#website\",\"url\":\"https:\\\/\\\/handel-schweiz.com\\\/\",\"name\":\"HANDELSchweiz\",\"description\":\"HANDEL f\u00f6rdern und vereinfachen\",\"publisher\":{\"@id\":\"https:\\\/\\\/handel-schweiz.com\\\/#organization\"},\"potentialAction\":[{\"@type\":\"SearchAction\",\"target\":{\"@type\":\"EntryPoint\",\"urlTemplate\":\"https:\\\/\\\/handel-schweiz.com\\\/?s={search_term_string}\"},\"query-input\":{\"@type\":\"PropertyValueSpecification\",\"valueRequired\":true,\"valueName\":\"search_term_string\"}}],\"inLanguage\":\"fr-FR\"},{\"@type\":\"Organization\",\"@id\":\"https:\\\/\\\/handel-schweiz.com\\\/#organization\",\"name\":\"HandelSchweiz\",\"alternateName\":\"Handel Schweiz\",\"url\":\"https:\\\/\\\/handel-schweiz.com\\\/\",\"logo\":{\"@type\":\"ImageObject\",\"inLanguage\":\"fr-FR\",\"@id\":\"https:\\\/\\\/handel-schweiz.com\\\/#\\\/schema\\\/logo\\\/image\\\/\",\"url\":\"https:\\\/\\\/handel-schweiz.com\\\/wp-content\\\/uploads\\\/2023\\\/11\\\/logo_de.svg\",\"contentUrl\":\"https:\\\/\\\/handel-schweiz.com\\\/wp-content\\\/uploads\\\/2023\\\/11\\\/logo_de.svg\",\"width\":417,\"height\":89,\"caption\":\"HandelSchweiz\"},\"image\":{\"@id\":\"https:\\\/\\\/handel-schweiz.com\\\/#\\\/schema\\\/logo\\\/image\\\/\"},\"sameAs\":[\"https:\\\/\\\/x.com\\\/handelschweiz\",\"https:\\\/\\\/ch.linkedin.com\\\/company\\\/handelschweiz\"]}]}<\/script>\n<!-- \/ Yoast SEO plugin. -->","yoast_head_json":{"title":"PROTECTION DES DONN\u00c9ES - HANDELSchweiz","description":"La protection des donn\u00e9es de Commerce Suisse est \u00e0 la pointe du progr\u00e8s et correspond au cadre l\u00e9gal suisse.","robots":{"index":"index","follow":"follow","max-snippet":"max-snippet:-1","max-image-preview":"max-image-preview:large","max-video-preview":"max-video-preview:-1"},"canonical":"https:\/\/handel-schweiz.com\/fr\/protection-des-donnees\/","og_locale":"fr_FR","og_type":"article","og_title":"PROTECTION DES DONN\u00c9ES - HANDELSchweiz","og_description":"La protection des donn\u00e9es de Commerce Suisse est \u00e0 la pointe du progr\u00e8s et correspond au cadre l\u00e9gal suisse.","og_url":"https:\/\/handel-schweiz.com\/fr\/protection-des-donnees\/","og_site_name":"HANDELSchweiz","article_modified_time":"2023-12-09T08:09:04+00:00","og_image":[{"width":1920,"height":1095,"url":"https:\/\/handel-schweiz.com\/wp-content\/uploads\/2023\/11\/smartphone-6466015_1920.jpg","type":"image\/jpeg"}],"twitter_card":"summary_large_image","twitter_site":"@handelschweiz","schema":{"@context":"https:\/\/schema.org","@graph":[{"@type":"WebPage","@id":"https:\/\/handel-schweiz.com\/fr\/protection-des-donnees\/","url":"https:\/\/handel-schweiz.com\/fr\/protection-des-donnees\/","name":"PROTECTION DES DONN\u00c9ES - HANDELSchweiz","isPartOf":{"@id":"https:\/\/handel-schweiz.com\/#website"},"primaryImageOfPage":{"@id":"https:\/\/handel-schweiz.com\/fr\/protection-des-donnees\/#primaryimage"},"image":{"@id":"https:\/\/handel-schweiz.com\/fr\/protection-des-donnees\/#primaryimage"},"thumbnailUrl":"https:\/\/handel-schweiz.com\/wp-content\/uploads\/2023\/11\/smartphone-6466015_1920.jpg","datePublished":"2023-06-20T13:09:05+00:00","dateModified":"2023-12-09T08:09:04+00:00","description":"La protection des donn\u00e9es de Commerce Suisse est \u00e0 la pointe du progr\u00e8s et correspond au cadre l\u00e9gal suisse.","breadcrumb":{"@id":"https:\/\/handel-schweiz.com\/fr\/protection-des-donnees\/#breadcrumb"},"inLanguage":"fr-FR","potentialAction":[{"@type":"ReadAction","target":["https:\/\/handel-schweiz.com\/fr\/protection-des-donnees\/"]}]},{"@type":"ImageObject","inLanguage":"fr-FR","@id":"https:\/\/handel-schweiz.com\/fr\/protection-des-donnees\/#primaryimage","url":"https:\/\/handel-schweiz.com\/wp-content\/uploads\/2023\/11\/smartphone-6466015_1920.jpg","contentUrl":"https:\/\/handel-schweiz.com\/wp-content\/uploads\/2023\/11\/smartphone-6466015_1920.jpg","width":1920,"height":1095,"caption":"Datenschutz\/Handel Schweiz"},{"@type":"BreadcrumbList","@id":"https:\/\/handel-schweiz.com\/fr\/protection-des-donnees\/#breadcrumb","itemListElement":[{"@type":"ListItem","position":1,"name":"Home","item":"https:\/\/handel-schweiz.com\/fr\/"},{"@type":"ListItem","position":2,"name":"PROTECTION DES DONN\u00c9ES"}]},{"@type":"WebSite","@id":"https:\/\/handel-schweiz.com\/#website","url":"https:\/\/handel-schweiz.com\/","name":"HANDELSchweiz","description":"HANDEL f\u00f6rdern und vereinfachen","publisher":{"@id":"https:\/\/handel-schweiz.com\/#organization"},"potentialAction":[{"@type":"SearchAction","target":{"@type":"EntryPoint","urlTemplate":"https:\/\/handel-schweiz.com\/?s={search_term_string}"},"query-input":{"@type":"PropertyValueSpecification","valueRequired":true,"valueName":"search_term_string"}}],"inLanguage":"fr-FR"},{"@type":"Organization","@id":"https:\/\/handel-schweiz.com\/#organization","name":"HandelSchweiz","alternateName":"Handel Schweiz","url":"https:\/\/handel-schweiz.com\/","logo":{"@type":"ImageObject","inLanguage":"fr-FR","@id":"https:\/\/handel-schweiz.com\/#\/schema\/logo\/image\/","url":"https:\/\/handel-schweiz.com\/wp-content\/uploads\/2023\/11\/logo_de.svg","contentUrl":"https:\/\/handel-schweiz.com\/wp-content\/uploads\/2023\/11\/logo_de.svg","width":417,"height":89,"caption":"HandelSchweiz"},"image":{"@id":"https:\/\/handel-schweiz.com\/#\/schema\/logo\/image\/"},"sameAs":["https:\/\/x.com\/handelschweiz","https:\/\/ch.linkedin.com\/company\/handelschweiz"]}]}},"_links":{"self":[{"href":"https:\/\/handel-schweiz.com\/fr\/wp-json\/wp\/v2\/pages\/2287","targetHints":{"allow":["GET"]}}],"collection":[{"href":"https:\/\/handel-schweiz.com\/fr\/wp-json\/wp\/v2\/pages"}],"about":[{"href":"https:\/\/handel-schweiz.com\/fr\/wp-json\/wp\/v2\/types\/page"}],"author":[{"embeddable":true,"href":"https:\/\/handel-schweiz.com\/fr\/wp-json\/wp\/v2\/users\/1"}],"replies":[{"embeddable":true,"href":"https:\/\/handel-schweiz.com\/fr\/wp-json\/wp\/v2\/comments?post=2287"}],"version-history":[{"count":5,"href":"https:\/\/handel-schweiz.com\/fr\/wp-json\/wp\/v2\/pages\/2287\/revisions"}],"predecessor-version":[{"id":2475,"href":"https:\/\/handel-schweiz.com\/fr\/wp-json\/wp\/v2\/pages\/2287\/revisions\/2475"}],"wp:featuredmedia":[{"embeddable":true,"href":"https:\/\/handel-schweiz.com\/fr\/wp-json\/wp\/v2\/media\/1938"}],"wp:attachment":[{"href":"https:\/\/handel-schweiz.com\/fr\/wp-json\/wp\/v2\/media?parent=2287"}],"wp:term":[{"taxonomy":"thema","embeddable":true,"href":"https:\/\/handel-schweiz.com\/fr\/wp-json\/wp\/v2\/thema?post=2287"}],"curies":[{"name":"wp","href":"https:\/\/api.w.org\/{rel}","templated":true}]}}