{"id":2289,"date":"2023-06-20T14:41:46","date_gmt":"2023-06-20T12:41:46","guid":{"rendered":"https:\/\/dev.handelschweiz.bertastrasse1.ch\/newsletter-wir-handeln-jetzt-anmelden\/"},"modified":"2023-12-21T11:23:46","modified_gmt":"2023-12-21T10:23:46","slug":"newsletter-le-commerce-inscrivez-vous-maintenant","status":"publish","type":"page","link":"https:\/\/handel-schweiz.com\/fr\/newsletter-le-commerce-inscrivez-vous-maintenant\/","title":{"rendered":"Newsletter \u00abLe commerce\u00bb &#8211; Inscrivez-vous maintenant!"},"content":{"rendered":"\n    <section class=\"intro-text-block   intro-text-block-69de54d400635\">\n        <div class=\"block-bg-color bg-white\"><\/div>\n\n        <div class=\"intro-text-block-content scrollMagic-block\" data-uid=\"69de54d4006351\">\n            <div class=\"title-block\">\n                                                            <h1 class=\"big\"><p><b>INSCRIVEZ-VOUS<\/b> MAINTENANT<\/p>\n<\/h1>\n                                                <\/div>\n\n            <div class=\"intro-text-columns-block \">\n                <div class=\"intro-text-left-block scrollMagic-block delay-animation-1\" data-uid=\"69de54d4006352\">\n                                            <p class=\"leadtext\">Que se passe-t-il dans le secteur?<\/p>\n                    \n                    <div class=\"intro-text-left-block-texteditor\">\n                        <p>Avec notre newsletter, suivez toute l&rsquo;actualit\u00e9 du commerce, de l&rsquo;\u00e9conomie et de la formation. Dix fois par an, nous vous proposons une synth\u00e8se des informations \u00e0 ne pas manquer. Il vous suffit de vous inscrire en remplissant les champs ci-dessous.<\/p>\n<p>Vos donn\u00e9es seront trait\u00e9es de mani\u00e8re confidentielle conform\u00e9ment \u00e0 la d\u00e9claration de protection des donn\u00e9es. Elles ne seront utilis\u00e9es que pour l&rsquo;envoi de la newsletter et ne seront pas transmises \u00e0 des tiers. Si vous souhaitez supprimer vos donn\u00e9es d&rsquo;abonnement, vous pouvez le faire \u00e0 tout moment en cliquant sur le lien mis \u00e0 votre disposition \u00e0 la fin de la newsletter.<\/p>\n<div class=\"frm_forms \" id=\"frm_form_5_container\" data-token=\"44f159b4117575d987416fde94b257cd\">\n<form enctype=\"multipart\/form-data\" method=\"post\" class=\"frm-show-form  frm_js_validate  frm_ajax_submit  frm_pro_form \" id=\"form_contact-form24\" data-token=\"44f159b4117575d987416fde94b257cd\">\n<div class=\"frm_form_fields \">\n<fieldset>\n<legend class=\"frm_screen_reader\">JETZT ANMELDEN (Newsletter) FR<\/legend>\r\n\r\n<div class=\"frm_fields_container\">\n<input type=\"hidden\" name=\"frm_action\" value=\"create\" \/>\n<input type=\"hidden\" name=\"form_id\" value=\"5\" \/>\n<input type=\"hidden\" name=\"frm_hide_fields_5\" id=\"frm_hide_fields_5\" value=\"\" \/>\n<input type=\"hidden\" name=\"form_key\" value=\"contact-form24\" \/>\n<input type=\"hidden\" name=\"item_meta[0]\" value=\"\" \/>\n<input type=\"hidden\" id=\"frm_submit_entry_5\" name=\"frm_submit_entry_5\" value=\"48f409192a\" \/><input type=\"hidden\" name=\"_wp_http_referer\" value=\"\/fr\/wp-json\/wp\/v2\/pages\/2289\" \/><div id=\"frm_field_28_container\" class=\"frm_form_field form-field  frm_required_field frm_top_container vertical_radio\">\r\n    <div  id=\"field_47eip4_label\" class=\"frm_primary_label\">Salutation\r\n        <span class=\"frm_required\" aria-hidden=\"true\">*<\/span>\r\n    <\/div>\r\n    <div class=\"frm_opt_container\" aria-labelledby=\"field_47eip4_label\" role=\"radiogroup\" aria-required=\"true\">\t\t<div class=\"frm_radio\" id=\"frm_radio_28-0\">\t\t\t<label  for=\"field_47eip4-0\">\n\t\t\t\t\t<input type=\"radio\" name=\"item_meta[28]\" id=\"field_47eip4-0\" value=\"Monsieur\"\n\t\t data-reqmsg=\"Dieses Feld darf nicht leer sein.\" data-invmsg=\"Salutation est non valide\"   \/> Monsieur<\/label><\/div>\n\t\t<div class=\"frm_radio\" id=\"frm_radio_28-1\">\t\t\t<label  for=\"field_47eip4-1\">\n\t\t\t\t\t<input type=\"radio\" name=\"item_meta[28]\" id=\"field_47eip4-1\" value=\"Madame\"\n\t\t data-reqmsg=\"Dieses Feld darf nicht leer sein.\" data-invmsg=\"Salutation est non valide\"   \/> Madame<\/label><\/div>\n<\/div>\r\n    \r\n    \r\n<\/div>\n<div id=\"frm_field_29_container\" class=\"frm_form_field form-field  frm_required_field frm_top_container\">\r\n    <label for=\"field_qh4icy5\" id=\"field_qh4icy5_label\" class=\"frm_primary_label\">Pr\u00e9nom\r\n        <span class=\"frm_required\" aria-hidden=\"true\"><\/span>\r\n    <\/label>\r\n    <input  type=\"text\" id=\"field_qh4icy5\" name=\"item_meta[29]\" value=\"\"  placeholder=\"Pr\u00e9nom*\" data-reqmsg=\"Dieses Feld darf nicht leer sein.\" aria-required=\"true\" data-invmsg=\"Name is invalid\" aria-invalid=\"false\"   \/>\r\n    \r\n    \r\n<\/div>\n<div id=\"frm_field_30_container\" class=\"frm_form_field form-field  frm_required_field frm_top_container\">\r\n    <label for=\"field_e85a55\" id=\"field_e85a55_label\" class=\"frm_primary_label\">Nom\r\n        <span class=\"frm_required\" aria-hidden=\"true\"><\/span>\r\n    <\/label>\r\n    <input  type=\"text\" id=\"field_e85a55\" name=\"item_meta[30]\" value=\"\"  placeholder=\"Nom*\" data-reqmsg=\"Nom cannot be blank.\" aria-required=\"true\" data-invmsg=\"Name is invalid\" aria-invalid=\"false\"   \/>\r\n    \r\n    \r\n<\/div>\n<div id=\"frm_field_31_container\" class=\"frm_form_field form-field  frm_required_field frm_top_container\">\r\n    <label for=\"field_29yf4d5\" id=\"field_29yf4d5_label\" class=\"frm_primary_label\">E-Mail\r\n        <span class=\"frm_required\" aria-hidden=\"true\"><\/span>\r\n    <\/label>\r\n    <input type=\"email\" id=\"field_29yf4d5\" name=\"item_meta[31]\" value=\"\"  placeholder=\"E-Mail*\" data-reqmsg=\"Dieses Feld darf nicht leer sein.\" aria-required=\"true\" data-invmsg=\"Bitte geben Sie eine g\u00fcltige E-Mail Adresse ein.\" aria-invalid=\"false\"  \/>\r\n    \r\n    \r\n<\/div>\n<div id=\"frm_field_32_container\" class=\"frm_form_field form-field  frm_required_field frm_top_container vertical_radio\">\r\n    <div  id=\"field_gp6sw5_label\" class=\"frm_primary_label\">Checkboxes\r\n        <span class=\"frm_required\" aria-hidden=\"true\"><\/span>\r\n    <\/div>\r\n    <div class=\"frm_opt_container\" aria-labelledby=\"field_gp6sw5_label\" role=\"group\">\t\t<div class=\"frm_checkbox\" id=\"frm_checkbox_32-0\">\t\t\t<label  for=\"field_gp6sw5-0\">\n\t\t\t<input type=\"checkbox\" name=\"item_meta[32][]\" id=\"field_gp6sw5-0\" value=\"Oui, j&#039;accepte les conditions d&#039;utilisation et la &lt;a href=&quot;\/fr\/protection-des-donnees&quot; target=&quot;_blank&quot;&gt;d\u00e9claration de protection des donn\u00e9es&lt;\/a&gt;.\"  data-reqmsg=\"Dieses Feld darf nicht leer sein.\" data-invmsg=\"Checkboxes est non valide\"   aria-required=\"true\"  \/> Oui, j&rsquo;accepte les conditions d&rsquo;utilisation et la <a href=\"\/fr\/protection-des-donnees\" target=\"_blank\">d\u00e9claration de protection des donn\u00e9es<\/a>.<\/label><\/div>\n<\/div>\r\n    \r\n    \r\n<\/div>\n<div id=\"frm_field_46_container\" class=\"frm_form_field form-field  frm_none_container\">\r\n    <label for=\"g-recaptcha-response\" id=\"field_focbt_label\" class=\"frm_primary_label\">Captcha\r\n        <span class=\"frm_required\" aria-hidden=\"true\"><\/span>\r\n    <\/label>\r\n    <div  id=\"field_focbt\" class=\"frm-g-recaptcha\" data-sitekey=\"6LeaH0UpAAAAAHNenZzSbjG-PMO73VIowUCIo8m1\" data-size=\"invisible\" data-theme=\"light\"><\/div>\r\n    \r\n    \r\n<\/div>\n<div id=\"frm_field_59_container\" class=\"frm_form_field form-field \">\n\t<div class=\"frm_submit\">\r\n\r\n<button class=\"frm_button_submit frm_final_submit\" type=\"submit\"   formnovalidate=\"formnovalidate\">Anmelden<\/button>\r\n\r\n\r\n<\/div>\n<\/div>\n\t<input type=\"hidden\" name=\"item_key\" value=\"\" \/>\n\t\t\t<div id=\"frm_field_61_container\">\n\t\t\t<label for=\"field_am42n\" >\n\t\t\t\tSi vous \u00eates un humain, ne remplissez pas ce champ.\t\t\t<\/label>\n\t\t\t<input  id=\"field_am42n\" type=\"text\" class=\"frm_form_field form-field frm_verify\" name=\"item_meta[61]\" value=\"\"  \/>\n\t\t<\/div>\n\t\t<input name=\"frm_state\" type=\"hidden\" value=\"+tWyHXzl7D1mO8ALZQrNmDXh7zZNc08zoPP6w9qgHjuK4nDMQ5qeeb4ioAWiHThm\" \/><\/div>\n<\/fieldset>\n<\/div>\n\n<\/form>\n<\/div>\n\n\n                                            <\/div>\n                <\/div>\n\n                <div class=\"intro-text-right-block scrollMagic-block delay-animation-3\" data-uid=\"69de54d4006353\">\n                                    <\/div>\n            <\/div>\n        <\/div>\n    <\/section>\n\n\n\n\n\n\n\n\n","protected":false},"excerpt":{"rendered":"","protected":false},"author":1,"featured_media":1180,"parent":0,"menu_order":0,"comment_status":"closed","ping_status":"closed","template":"","meta":{"_acf_changed":false,"inline_featured_image":false,"_themeisle_gutenberg_block_has_review":false,"footnotes":""},"thema":[],"class_list":["post-2289","page","type-page","status-publish","has-post-thumbnail","hentry"],"acf":[],"yoast_head":"<!-- This site is optimized with the Yoast SEO plugin v27.4 - https:\/\/yoast.com\/product\/yoast-seo-wordpress\/ -->\n<title>Newsletter \u00abLe commerce\u00bb - Inscrivez-vous maintenant! - HANDELSchweiz<\/title>\n<meta name=\"description\" content=\"Sur cette page, les membres de Commerce Suisse peuvent s&#039;inscrire \u00e0 la newsletter afin d&#039;\u00eatre toujours au courant des derni\u00e8res nouveaut\u00e9s.\" \/>\n<meta name=\"robots\" content=\"index, follow, max-snippet:-1, max-image-preview:large, max-video-preview:-1\" \/>\n<link rel=\"canonical\" href=\"https:\/\/handel-schweiz.com\/fr\/newsletter-le-commerce-inscrivez-vous-maintenant\/\" \/>\n<meta property=\"og:locale\" content=\"fr_FR\" \/>\n<meta property=\"og:type\" content=\"article\" \/>\n<meta property=\"og:title\" content=\"Newsletter \u00abLe commerce\u00bb - Inscrivez-vous maintenant! - HANDELSchweiz\" \/>\n<meta property=\"og:description\" content=\"Sur cette page, les membres de Commerce Suisse peuvent s&#039;inscrire \u00e0 la newsletter afin d&#039;\u00eatre toujours au courant des derni\u00e8res nouveaut\u00e9s.\" \/>\n<meta property=\"og:url\" content=\"https:\/\/handel-schweiz.com\/fr\/newsletter-le-commerce-inscrivez-vous-maintenant\/\" \/>\n<meta property=\"og:site_name\" content=\"HANDELSchweiz\" \/>\n<meta property=\"article:modified_time\" content=\"2023-12-21T10:23:46+00:00\" \/>\n<meta property=\"og:image\" content=\"https:\/\/handel-schweiz.com\/wp-content\/uploads\/2023\/10\/news-1644696_1280.png\" \/>\n\t<meta property=\"og:image:width\" content=\"1280\" \/>\n\t<meta property=\"og:image:height\" content=\"695\" \/>\n\t<meta property=\"og:image:type\" content=\"image\/png\" \/>\n<meta name=\"twitter:card\" content=\"summary_large_image\" \/>\n<meta name=\"twitter:site\" content=\"@handelschweiz\" \/>\n<script type=\"application\/ld+json\" class=\"yoast-schema-graph\">{\"@context\":\"https:\\\/\\\/schema.org\",\"@graph\":[{\"@type\":\"WebPage\",\"@id\":\"https:\\\/\\\/handel-schweiz.com\\\/fr\\\/newsletter-le-commerce-inscrivez-vous-maintenant\\\/\",\"url\":\"https:\\\/\\\/handel-schweiz.com\\\/fr\\\/newsletter-le-commerce-inscrivez-vous-maintenant\\\/\",\"name\":\"Newsletter \u00abLe commerce\u00bb - Inscrivez-vous maintenant! - HANDELSchweiz\",\"isPartOf\":{\"@id\":\"https:\\\/\\\/handel-schweiz.com\\\/#website\"},\"primaryImageOfPage\":{\"@id\":\"https:\\\/\\\/handel-schweiz.com\\\/fr\\\/newsletter-le-commerce-inscrivez-vous-maintenant\\\/#primaryimage\"},\"image\":{\"@id\":\"https:\\\/\\\/handel-schweiz.com\\\/fr\\\/newsletter-le-commerce-inscrivez-vous-maintenant\\\/#primaryimage\"},\"thumbnailUrl\":\"https:\\\/\\\/handel-schweiz.com\\\/wp-content\\\/uploads\\\/2023\\\/10\\\/news-1644696_1280.png\",\"datePublished\":\"2023-06-20T12:41:46+00:00\",\"dateModified\":\"2023-12-21T10:23:46+00:00\",\"description\":\"Sur cette page, les membres de Commerce Suisse peuvent s'inscrire \u00e0 la newsletter afin d'\u00eatre toujours au courant des derni\u00e8res nouveaut\u00e9s.\",\"breadcrumb\":{\"@id\":\"https:\\\/\\\/handel-schweiz.com\\\/fr\\\/newsletter-le-commerce-inscrivez-vous-maintenant\\\/#breadcrumb\"},\"inLanguage\":\"fr-FR\",\"potentialAction\":[{\"@type\":\"ReadAction\",\"target\":[\"https:\\\/\\\/handel-schweiz.com\\\/fr\\\/newsletter-le-commerce-inscrivez-vous-maintenant\\\/\"]}]},{\"@type\":\"ImageObject\",\"inLanguage\":\"fr-FR\",\"@id\":\"https:\\\/\\\/handel-schweiz.com\\\/fr\\\/newsletter-le-commerce-inscrivez-vous-maintenant\\\/#primaryimage\",\"url\":\"https:\\\/\\\/handel-schweiz.com\\\/wp-content\\\/uploads\\\/2023\\\/10\\\/news-1644696_1280.png\",\"contentUrl\":\"https:\\\/\\\/handel-schweiz.com\\\/wp-content\\\/uploads\\\/2023\\\/10\\\/news-1644696_1280.png\",\"width\":1280,\"height\":695,\"caption\":\"Jetzt anmelden\"},{\"@type\":\"BreadcrumbList\",\"@id\":\"https:\\\/\\\/handel-schweiz.com\\\/fr\\\/newsletter-le-commerce-inscrivez-vous-maintenant\\\/#breadcrumb\",\"itemListElement\":[{\"@type\":\"ListItem\",\"position\":1,\"name\":\"Home\",\"item\":\"https:\\\/\\\/handel-schweiz.com\\\/fr\\\/\"},{\"@type\":\"ListItem\",\"position\":2,\"name\":\"Newsletter \u00abLe commerce\u00bb &#8211; Inscrivez-vous maintenant!\"}]},{\"@type\":\"WebSite\",\"@id\":\"https:\\\/\\\/handel-schweiz.com\\\/#website\",\"url\":\"https:\\\/\\\/handel-schweiz.com\\\/\",\"name\":\"HANDELSchweiz\",\"description\":\"HANDEL f\u00f6rdern und vereinfachen\",\"publisher\":{\"@id\":\"https:\\\/\\\/handel-schweiz.com\\\/#organization\"},\"potentialAction\":[{\"@type\":\"SearchAction\",\"target\":{\"@type\":\"EntryPoint\",\"urlTemplate\":\"https:\\\/\\\/handel-schweiz.com\\\/?s={search_term_string}\"},\"query-input\":{\"@type\":\"PropertyValueSpecification\",\"valueRequired\":true,\"valueName\":\"search_term_string\"}}],\"inLanguage\":\"fr-FR\"},{\"@type\":\"Organization\",\"@id\":\"https:\\\/\\\/handel-schweiz.com\\\/#organization\",\"name\":\"HandelSchweiz\",\"alternateName\":\"Handel Schweiz\",\"url\":\"https:\\\/\\\/handel-schweiz.com\\\/\",\"logo\":{\"@type\":\"ImageObject\",\"inLanguage\":\"fr-FR\",\"@id\":\"https:\\\/\\\/handel-schweiz.com\\\/#\\\/schema\\\/logo\\\/image\\\/\",\"url\":\"https:\\\/\\\/handel-schweiz.com\\\/wp-content\\\/uploads\\\/2023\\\/11\\\/logo_de.svg\",\"contentUrl\":\"https:\\\/\\\/handel-schweiz.com\\\/wp-content\\\/uploads\\\/2023\\\/11\\\/logo_de.svg\",\"width\":417,\"height\":89,\"caption\":\"HandelSchweiz\"},\"image\":{\"@id\":\"https:\\\/\\\/handel-schweiz.com\\\/#\\\/schema\\\/logo\\\/image\\\/\"},\"sameAs\":[\"https:\\\/\\\/x.com\\\/handelschweiz\",\"https:\\\/\\\/ch.linkedin.com\\\/company\\\/handelschweiz\"]}]}<\/script>\n<!-- \/ Yoast SEO plugin. -->","yoast_head_json":{"title":"Newsletter \u00abLe commerce\u00bb - Inscrivez-vous maintenant! - HANDELSchweiz","description":"Sur cette page, les membres de Commerce Suisse peuvent s'inscrire \u00e0 la newsletter afin d'\u00eatre toujours au courant des derni\u00e8res nouveaut\u00e9s.","robots":{"index":"index","follow":"follow","max-snippet":"max-snippet:-1","max-image-preview":"max-image-preview:large","max-video-preview":"max-video-preview:-1"},"canonical":"https:\/\/handel-schweiz.com\/fr\/newsletter-le-commerce-inscrivez-vous-maintenant\/","og_locale":"fr_FR","og_type":"article","og_title":"Newsletter \u00abLe commerce\u00bb - Inscrivez-vous maintenant! - HANDELSchweiz","og_description":"Sur cette page, les membres de Commerce Suisse peuvent s'inscrire \u00e0 la newsletter afin d'\u00eatre toujours au courant des derni\u00e8res nouveaut\u00e9s.","og_url":"https:\/\/handel-schweiz.com\/fr\/newsletter-le-commerce-inscrivez-vous-maintenant\/","og_site_name":"HANDELSchweiz","article_modified_time":"2023-12-21T10:23:46+00:00","og_image":[{"width":1280,"height":695,"url":"https:\/\/handel-schweiz.com\/wp-content\/uploads\/2023\/10\/news-1644696_1280.png","type":"image\/png"}],"twitter_card":"summary_large_image","twitter_site":"@handelschweiz","schema":{"@context":"https:\/\/schema.org","@graph":[{"@type":"WebPage","@id":"https:\/\/handel-schweiz.com\/fr\/newsletter-le-commerce-inscrivez-vous-maintenant\/","url":"https:\/\/handel-schweiz.com\/fr\/newsletter-le-commerce-inscrivez-vous-maintenant\/","name":"Newsletter \u00abLe commerce\u00bb - Inscrivez-vous maintenant! - HANDELSchweiz","isPartOf":{"@id":"https:\/\/handel-schweiz.com\/#website"},"primaryImageOfPage":{"@id":"https:\/\/handel-schweiz.com\/fr\/newsletter-le-commerce-inscrivez-vous-maintenant\/#primaryimage"},"image":{"@id":"https:\/\/handel-schweiz.com\/fr\/newsletter-le-commerce-inscrivez-vous-maintenant\/#primaryimage"},"thumbnailUrl":"https:\/\/handel-schweiz.com\/wp-content\/uploads\/2023\/10\/news-1644696_1280.png","datePublished":"2023-06-20T12:41:46+00:00","dateModified":"2023-12-21T10:23:46+00:00","description":"Sur cette page, les membres de Commerce Suisse peuvent s'inscrire \u00e0 la newsletter afin d'\u00eatre toujours au courant des derni\u00e8res nouveaut\u00e9s.","breadcrumb":{"@id":"https:\/\/handel-schweiz.com\/fr\/newsletter-le-commerce-inscrivez-vous-maintenant\/#breadcrumb"},"inLanguage":"fr-FR","potentialAction":[{"@type":"ReadAction","target":["https:\/\/handel-schweiz.com\/fr\/newsletter-le-commerce-inscrivez-vous-maintenant\/"]}]},{"@type":"ImageObject","inLanguage":"fr-FR","@id":"https:\/\/handel-schweiz.com\/fr\/newsletter-le-commerce-inscrivez-vous-maintenant\/#primaryimage","url":"https:\/\/handel-schweiz.com\/wp-content\/uploads\/2023\/10\/news-1644696_1280.png","contentUrl":"https:\/\/handel-schweiz.com\/wp-content\/uploads\/2023\/10\/news-1644696_1280.png","width":1280,"height":695,"caption":"Jetzt anmelden"},{"@type":"BreadcrumbList","@id":"https:\/\/handel-schweiz.com\/fr\/newsletter-le-commerce-inscrivez-vous-maintenant\/#breadcrumb","itemListElement":[{"@type":"ListItem","position":1,"name":"Home","item":"https:\/\/handel-schweiz.com\/fr\/"},{"@type":"ListItem","position":2,"name":"Newsletter \u00abLe commerce\u00bb &#8211; Inscrivez-vous maintenant!"}]},{"@type":"WebSite","@id":"https:\/\/handel-schweiz.com\/#website","url":"https:\/\/handel-schweiz.com\/","name":"HANDELSchweiz","description":"HANDEL f\u00f6rdern und vereinfachen","publisher":{"@id":"https:\/\/handel-schweiz.com\/#organization"},"potentialAction":[{"@type":"SearchAction","target":{"@type":"EntryPoint","urlTemplate":"https:\/\/handel-schweiz.com\/?s={search_term_string}"},"query-input":{"@type":"PropertyValueSpecification","valueRequired":true,"valueName":"search_term_string"}}],"inLanguage":"fr-FR"},{"@type":"Organization","@id":"https:\/\/handel-schweiz.com\/#organization","name":"HandelSchweiz","alternateName":"Handel Schweiz","url":"https:\/\/handel-schweiz.com\/","logo":{"@type":"ImageObject","inLanguage":"fr-FR","@id":"https:\/\/handel-schweiz.com\/#\/schema\/logo\/image\/","url":"https:\/\/handel-schweiz.com\/wp-content\/uploads\/2023\/11\/logo_de.svg","contentUrl":"https:\/\/handel-schweiz.com\/wp-content\/uploads\/2023\/11\/logo_de.svg","width":417,"height":89,"caption":"HandelSchweiz"},"image":{"@id":"https:\/\/handel-schweiz.com\/#\/schema\/logo\/image\/"},"sameAs":["https:\/\/x.com\/handelschweiz","https:\/\/ch.linkedin.com\/company\/handelschweiz"]}]}},"_links":{"self":[{"href":"https:\/\/handel-schweiz.com\/fr\/wp-json\/wp\/v2\/pages\/2289","targetHints":{"allow":["GET"]}}],"collection":[{"href":"https:\/\/handel-schweiz.com\/fr\/wp-json\/wp\/v2\/pages"}],"about":[{"href":"https:\/\/handel-schweiz.com\/fr\/wp-json\/wp\/v2\/types\/page"}],"author":[{"embeddable":true,"href":"https:\/\/handel-schweiz.com\/fr\/wp-json\/wp\/v2\/users\/1"}],"replies":[{"embeddable":true,"href":"https:\/\/handel-schweiz.com\/fr\/wp-json\/wp\/v2\/comments?post=2289"}],"version-history":[{"count":10,"href":"https:\/\/handel-schweiz.com\/fr\/wp-json\/wp\/v2\/pages\/2289\/revisions"}],"predecessor-version":[{"id":2949,"href":"https:\/\/handel-schweiz.com\/fr\/wp-json\/wp\/v2\/pages\/2289\/revisions\/2949"}],"wp:featuredmedia":[{"embeddable":true,"href":"https:\/\/handel-schweiz.com\/fr\/wp-json\/wp\/v2\/media\/1180"}],"wp:attachment":[{"href":"https:\/\/handel-schweiz.com\/fr\/wp-json\/wp\/v2\/media?parent=2289"}],"wp:term":[{"taxonomy":"thema","embeddable":true,"href":"https:\/\/handel-schweiz.com\/fr\/wp-json\/wp\/v2\/thema?post=2289"}],"curies":[{"name":"wp","href":"https:\/\/api.w.org\/{rel}","templated":true}]}}