{"id":2326,"date":"2023-06-13T14:09:59","date_gmt":"2023-06-13T12:09:59","guid":{"rendered":"https:\/\/dev.handelschweiz.bertastrasse1.ch\/mitglied-werden-lohnt-sich\/"},"modified":"2024-07-30T11:47:33","modified_gmt":"2024-07-30T09:47:33","slug":"devenir-membre-vaut-la-peine","status":"publish","type":"page","link":"https:\/\/handel-schweiz.com\/fr\/devenir-membre-vaut-la-peine\/","title":{"rendered":"Devenir membre"},"content":{"rendered":"\n    <section class=\"intro-text-block   intro-text-block-69d760c6b1757\">\n        <div class=\"block-bg-color bg-white\"><\/div>\n\n        <div class=\"intro-text-block-content scrollMagic-block\" data-uid=\"69d760c6b17571\">\n            <div class=\"title-block\">\n                                                            <h1 class=\"big\"><p><b>Devenez membre<\/b> et profitez de nombreux avantages!<\/p>\n<\/h1>\n                                                <\/div>\n\n            <div class=\"intro-text-columns-block \">\n                <div class=\"intro-text-left-block scrollMagic-block delay-animation-1\" data-uid=\"69d760c6b17572\">\n                    \n                    <div class=\"intro-text-left-block-texteditor\">\n                        <p>Une adh\u00e9sion apporte de nombreux avantages que nous vous pr\u00e9sentons <a href=\"https:\/\/handel-schweiz.com\/fr\/solutions-pour-vous\/\" target=\"_blank\" rel=\"noopener\">ici<\/a> plus en d\u00e9tail. Il suffit d&rsquo;\u00e9conomiser de l&rsquo;argent et de profiter de nombreuses offres exclusives de Commerce Suisse et de ses partenaires de services. De plus, Commerce Suisse est \u00e0 vos c\u00f4t\u00e9s pour r\u00e9pondre \u00e0 vos questions ou vous aider dans vos d\u00e9marches commerciales. En devenant membre, vous profitez d&rsquo;un r\u00e9seau solide et sain !<\/p>\n<h2>Demande d&rsquo;adh\u00e9sion<\/h2>\n<p>Nous vous remercions de votre int\u00e9r\u00eat pour une adh\u00e9sion \u00e0 Commerce Suisse. Nous nous ferons un plaisir de vous contacter rapidement apr\u00e8s l&rsquo;envoi de votre demande.<\/p>\n<div class=\"frm_forms \" id=\"frm_form_7_container\" data-token=\"52ad874a7cb3df38f2b842494a70a279\">\n<form enctype=\"multipart\/form-data\" method=\"post\" class=\"frm-show-form  frm_js_validate  frm_ajax_submit  frm_pro_form \" id=\"form_contact-form222\" data-token=\"52ad874a7cb3df38f2b842494a70a279\">\n<div class=\"frm_form_fields \">\n<fieldset>\n<legend class=\"frm_screen_reader\">Mitglied werden FR<\/legend>\r\n\r\n<div class=\"frm_fields_container\">\n<input type=\"hidden\" name=\"frm_action\" value=\"create\" \/>\n<input type=\"hidden\" name=\"form_id\" value=\"7\" \/>\n<input type=\"hidden\" name=\"frm_hide_fields_7\" id=\"frm_hide_fields_7\" value=\"\" \/>\n<input type=\"hidden\" name=\"form_key\" value=\"contact-form222\" \/>\n<input type=\"hidden\" name=\"item_meta[0]\" value=\"\" \/>\n<input type=\"hidden\" id=\"frm_submit_entry_7\" name=\"frm_submit_entry_7\" value=\"58c358cb7e\" \/><input type=\"hidden\" name=\"_wp_http_referer\" value=\"\/fr\/wp-json\/wp\/v2\/pages\/2326\" \/><div id=\"frm_field_40_container\" class=\"frm_form_field form-field  frm_required_field frm_top_container vertical_radio\">\r\n    <div  id=\"field_47eip5_label\" class=\"frm_primary_label\">Salutation\r\n        <span class=\"frm_required\" aria-hidden=\"true\">*<\/span>\r\n    <\/div>\r\n    <div class=\"frm_opt_container\" aria-labelledby=\"field_47eip5_label\" role=\"radiogroup\" aria-required=\"true\">\t\t<div class=\"frm_radio\" id=\"frm_radio_40-0\">\t\t\t<label  for=\"field_47eip5-0\">\n\t\t\t\t\t<input type=\"radio\" name=\"item_meta[40]\" id=\"field_47eip5-0\" value=\"Monsieur\"\n\t\t data-reqmsg=\"Dieses Feld darf nicht leer sein.\" data-invmsg=\"Salutation est non valide\"   \/> Monsieur<\/label><\/div>\n\t\t<div class=\"frm_radio\" id=\"frm_radio_40-1\">\t\t\t<label  for=\"field_47eip5-1\">\n\t\t\t\t\t<input type=\"radio\" name=\"item_meta[40]\" id=\"field_47eip5-1\" value=\"Madame\"\n\t\t data-reqmsg=\"Dieses Feld darf nicht leer sein.\" data-invmsg=\"Salutation est non valide\"   \/> Madame<\/label><\/div>\n<\/div>\r\n    \r\n    \r\n<\/div>\n<div id=\"frm_field_41_container\" class=\"frm_form_field form-field  frm_required_field frm_top_container\">\r\n    <label for=\"field_qh4icy32\" id=\"field_qh4icy32_label\" class=\"frm_primary_label\">Pr\u00e9nom\r\n        <span class=\"frm_required\" aria-hidden=\"true\"><\/span>\r\n    <\/label>\r\n    <input  type=\"text\" id=\"field_qh4icy32\" name=\"item_meta[41]\" value=\"\"  placeholder=\"Pr\u00e9nom*\" data-reqmsg=\"Dieses Feld darf nicht leer sein.\" aria-required=\"true\" data-invmsg=\"Name is invalid\" aria-invalid=\"false\"   \/>\r\n    \r\n    \r\n<\/div>\n<div id=\"frm_field_42_container\" class=\"frm_form_field form-field  frm_required_field frm_top_container\">\r\n    <label for=\"field_e85a532\" id=\"field_e85a532_label\" class=\"frm_primary_label\">Nom\r\n        <span class=\"frm_required\" aria-hidden=\"true\"><\/span>\r\n    <\/label>\r\n    <input  type=\"text\" id=\"field_e85a532\" name=\"item_meta[42]\" value=\"\"  placeholder=\"Nom*\" data-reqmsg=\"Nom cannot be blank.\" aria-required=\"true\" data-invmsg=\"Name is invalid\" aria-invalid=\"false\"   \/>\r\n    \r\n    \r\n<\/div>\n<div id=\"frm_field_43_container\" class=\"frm_form_field form-field  frm_required_field frm_top_container\">\r\n    <label for=\"field_29yf4d32\" id=\"field_29yf4d32_label\" class=\"frm_primary_label\">E-Mail\r\n        <span class=\"frm_required\" aria-hidden=\"true\"><\/span>\r\n    <\/label>\r\n    <input type=\"email\" id=\"field_29yf4d32\" name=\"item_meta[43]\" value=\"\"  placeholder=\"E-Mail*\" data-reqmsg=\"Dieses Feld darf nicht leer sein.\" aria-required=\"true\" data-invmsg=\"Bitte geben Sie eine g\u00fcltige E-Mail Adresse ein.\" aria-invalid=\"false\"  \/>\r\n    \r\n    \r\n<\/div>\n<div id=\"frm_field_44_container\" class=\"frm_form_field form-field  frm_required_field frm_top_container vertical_radio\">\r\n    <div  id=\"field_gp6sw32_label\" class=\"frm_primary_label\">Checkboxes\r\n        <span class=\"frm_required\" aria-hidden=\"true\"><\/span>\r\n    <\/div>\r\n    <div class=\"frm_opt_container\" aria-labelledby=\"field_gp6sw32_label\" role=\"group\">\t\t<div class=\"frm_checkbox\" id=\"frm_checkbox_44-0\">\t\t\t<label  for=\"field_gp6sw32-0\">\n\t\t\t<input type=\"checkbox\" name=\"item_meta[44][]\" id=\"field_gp6sw32-0\" value=\"Oui, j&#039;accepte les conditions d&#039;utilisation et la &lt;a target=&quot;_blank&quot; href=&quot;\/fr\/protection-des-donnees&quot;&gt;d\u00e9claration de protection des donn\u00e9es&lt;\/a&gt;.\"  data-reqmsg=\"Dieses Feld darf nicht leer sein.\" data-invmsg=\"Checkboxes est non valide\"   aria-required=\"true\"  \/> Oui, j&rsquo;accepte les conditions d&rsquo;utilisation et la <a target=\"_blank\" href=\"\/fr\/protection-des-donnees\">d\u00e9claration de protection des donn\u00e9es<\/a>.<\/label><\/div>\n<\/div>\r\n    \r\n    \r\n<\/div>\n<div id=\"frm_field_50_container\" class=\"frm_form_field form-field  frm_none_container\">\r\n    <label for=\"g-recaptcha-response\" id=\"field_de7tf_label\" class=\"frm_primary_label\">Captcha\r\n        <span class=\"frm_required\" aria-hidden=\"true\"><\/span>\r\n    <\/label>\r\n    <div  id=\"field_de7tf\" class=\"frm-g-recaptcha\" data-sitekey=\"6LeaH0UpAAAAAHNenZzSbjG-PMO73VIowUCIo8m1\" data-size=\"invisible\" data-theme=\"light\"><\/div>\r\n    \r\n    \r\n<\/div>\n<div id=\"frm_field_60_container\" class=\"frm_form_field form-field \">\n\t<div class=\"frm_submit\">\r\n\r\n<button class=\"frm_button_submit frm_final_submit\" type=\"submit\"   formnovalidate=\"formnovalidate\">Senden<\/button>\r\n\r\n\r\n<\/div>\n<\/div>\n\t<input type=\"hidden\" name=\"item_key\" value=\"\" \/>\n\t\t\t<div id=\"frm_field_61_container\">\n\t\t\t<label for=\"field_ilwwv\" >\n\t\t\t\tSi vous \u00eates un humain, ne remplissez pas ce champ.\t\t\t<\/label>\n\t\t\t<input  id=\"field_ilwwv\" type=\"text\" class=\"frm_form_field form-field frm_verify\" name=\"item_meta[61]\" value=\"\"  \/>\n\t\t<\/div>\n\t\t<input name=\"frm_state\" type=\"hidden\" value=\"+tWyHXzl7D1mO8ALZQrNmBNM7qZD6CRt3\/msFifYN7mK4nDMQ5qeeb4ioAWiHThm\" \/><\/div>\n<\/fieldset>\n<\/div>\n\n<\/form>\n<\/div>\n\n\n                                                    \n                            <div class=\"texteditor-after-btns\">\n                                                            <\/div>\n                                            <\/div>\n                <\/div>\n\n                <div class=\"intro-text-right-block scrollMagic-block delay-animation-3\" data-uid=\"69d760c6b17573\">\n                                    <\/div>\n            <\/div>\n        <\/div>\n    <\/section>\n\n\n\n\n\n\n\n\n","protected":false},"excerpt":{"rendered":"","protected":false},"author":1,"featured_media":1349,"parent":0,"menu_order":0,"comment_status":"closed","ping_status":"closed","template":"","meta":{"_acf_changed":false,"inline_featured_image":false,"_themeisle_gutenberg_block_has_review":false,"footnotes":""},"thema":[],"class_list":["post-2326","page","type-page","status-publish","has-post-thumbnail","hentry"],"acf":[],"yoast_head":"<!-- This site is optimized with the Yoast SEO plugin v27.3 - https:\/\/yoast.com\/product\/yoast-seo-wordpress\/ -->\n<title>Devenir membre - HANDELSchweiz<\/title>\n<meta name=\"description\" content=\"En devenant membre de Commerce Suisse, vous b\u00e9n\u00e9ficiez de nombreux avantages, d&#039;un bon r\u00e9seau et de services pr\u00e9cieux.\" \/>\n<meta name=\"robots\" content=\"index, follow, max-snippet:-1, max-image-preview:large, max-video-preview:-1\" \/>\n<link rel=\"canonical\" href=\"https:\/\/handel-schweiz.com\/fr\/devenir-membre-vaut-la-peine\/\" \/>\n<meta property=\"og:locale\" content=\"fr_FR\" \/>\n<meta property=\"og:type\" content=\"article\" \/>\n<meta property=\"og:title\" content=\"Devenir membre - HANDELSchweiz\" \/>\n<meta property=\"og:description\" content=\"En devenant membre de Commerce Suisse, vous b\u00e9n\u00e9ficiez de nombreux avantages, d&#039;un bon r\u00e9seau et de services pr\u00e9cieux.\" \/>\n<meta property=\"og:url\" content=\"https:\/\/handel-schweiz.com\/fr\/devenir-membre-vaut-la-peine\/\" \/>\n<meta property=\"og:site_name\" content=\"HANDELSchweiz\" \/>\n<meta property=\"article:modified_time\" content=\"2024-07-30T09:47:33+00:00\" \/>\n<meta property=\"og:image\" content=\"https:\/\/handel-schweiz.com\/wp-content\/uploads\/2023\/10\/red-4867631_1920-e1701612706963.jpg\" \/>\n\t<meta property=\"og:image:width\" content=\"1920\" \/>\n\t<meta property=\"og:image:height\" content=\"1280\" \/>\n\t<meta property=\"og:image:type\" content=\"image\/jpeg\" \/>\n<meta name=\"twitter:card\" content=\"summary_large_image\" \/>\n<meta name=\"twitter:site\" content=\"@handelschweiz\" \/>\n<meta name=\"twitter:label1\" content=\"Dur\u00e9e de lecture estim\u00e9e\" \/>\n\t<meta name=\"twitter:data1\" content=\"1 minute\" \/>\n<script type=\"application\/ld+json\" class=\"yoast-schema-graph\">{\"@context\":\"https:\\\/\\\/schema.org\",\"@graph\":[{\"@type\":\"WebPage\",\"@id\":\"https:\\\/\\\/handel-schweiz.com\\\/fr\\\/devenir-membre-vaut-la-peine\\\/\",\"url\":\"https:\\\/\\\/handel-schweiz.com\\\/fr\\\/devenir-membre-vaut-la-peine\\\/\",\"name\":\"Devenir membre - HANDELSchweiz\",\"isPartOf\":{\"@id\":\"https:\\\/\\\/handel-schweiz.com\\\/#website\"},\"primaryImageOfPage\":{\"@id\":\"https:\\\/\\\/handel-schweiz.com\\\/fr\\\/devenir-membre-vaut-la-peine\\\/#primaryimage\"},\"image\":{\"@id\":\"https:\\\/\\\/handel-schweiz.com\\\/fr\\\/devenir-membre-vaut-la-peine\\\/#primaryimage\"},\"thumbnailUrl\":\"https:\\\/\\\/handel-schweiz.com\\\/wp-content\\\/uploads\\\/2023\\\/10\\\/red-4867631_1920-e1701612706963.jpg\",\"datePublished\":\"2023-06-13T12:09:59+00:00\",\"dateModified\":\"2024-07-30T09:47:33+00:00\",\"description\":\"En devenant membre de Commerce Suisse, vous b\u00e9n\u00e9ficiez de nombreux avantages, d'un bon r\u00e9seau et de services pr\u00e9cieux.\",\"breadcrumb\":{\"@id\":\"https:\\\/\\\/handel-schweiz.com\\\/fr\\\/devenir-membre-vaut-la-peine\\\/#breadcrumb\"},\"inLanguage\":\"fr-FR\",\"potentialAction\":[{\"@type\":\"ReadAction\",\"target\":[\"https:\\\/\\\/handel-schweiz.com\\\/fr\\\/devenir-membre-vaut-la-peine\\\/\"]}]},{\"@type\":\"ImageObject\",\"inLanguage\":\"fr-FR\",\"@id\":\"https:\\\/\\\/handel-schweiz.com\\\/fr\\\/devenir-membre-vaut-la-peine\\\/#primaryimage\",\"url\":\"https:\\\/\\\/handel-schweiz.com\\\/wp-content\\\/uploads\\\/2023\\\/10\\\/red-4867631_1920-e1701612706963.jpg\",\"contentUrl\":\"https:\\\/\\\/handel-schweiz.com\\\/wp-content\\\/uploads\\\/2023\\\/10\\\/red-4867631_1920-e1701612706963.jpg\",\"width\":1920,\"height\":1280,\"caption\":\"Mitglied werden lohnt sich! \\\/ Handel Schweiz\"},{\"@type\":\"BreadcrumbList\",\"@id\":\"https:\\\/\\\/handel-schweiz.com\\\/fr\\\/devenir-membre-vaut-la-peine\\\/#breadcrumb\",\"itemListElement\":[{\"@type\":\"ListItem\",\"position\":1,\"name\":\"Home\",\"item\":\"https:\\\/\\\/handel-schweiz.com\\\/fr\\\/\"},{\"@type\":\"ListItem\",\"position\":2,\"name\":\"Devenir membre\"}]},{\"@type\":\"WebSite\",\"@id\":\"https:\\\/\\\/handel-schweiz.com\\\/#website\",\"url\":\"https:\\\/\\\/handel-schweiz.com\\\/\",\"name\":\"HANDELSchweiz\",\"description\":\"HANDEL f\u00f6rdern und vereinfachen\",\"publisher\":{\"@id\":\"https:\\\/\\\/handel-schweiz.com\\\/#organization\"},\"potentialAction\":[{\"@type\":\"SearchAction\",\"target\":{\"@type\":\"EntryPoint\",\"urlTemplate\":\"https:\\\/\\\/handel-schweiz.com\\\/?s={search_term_string}\"},\"query-input\":{\"@type\":\"PropertyValueSpecification\",\"valueRequired\":true,\"valueName\":\"search_term_string\"}}],\"inLanguage\":\"fr-FR\"},{\"@type\":\"Organization\",\"@id\":\"https:\\\/\\\/handel-schweiz.com\\\/#organization\",\"name\":\"HandelSchweiz\",\"alternateName\":\"Handel Schweiz\",\"url\":\"https:\\\/\\\/handel-schweiz.com\\\/\",\"logo\":{\"@type\":\"ImageObject\",\"inLanguage\":\"fr-FR\",\"@id\":\"https:\\\/\\\/handel-schweiz.com\\\/#\\\/schema\\\/logo\\\/image\\\/\",\"url\":\"https:\\\/\\\/handel-schweiz.com\\\/wp-content\\\/uploads\\\/2023\\\/11\\\/logo_de.svg\",\"contentUrl\":\"https:\\\/\\\/handel-schweiz.com\\\/wp-content\\\/uploads\\\/2023\\\/11\\\/logo_de.svg\",\"width\":417,\"height\":89,\"caption\":\"HandelSchweiz\"},\"image\":{\"@id\":\"https:\\\/\\\/handel-schweiz.com\\\/#\\\/schema\\\/logo\\\/image\\\/\"},\"sameAs\":[\"https:\\\/\\\/x.com\\\/handelschweiz\",\"https:\\\/\\\/ch.linkedin.com\\\/company\\\/handelschweiz\"]}]}<\/script>\n<!-- \/ Yoast SEO plugin. -->","yoast_head_json":{"title":"Devenir membre - HANDELSchweiz","description":"En devenant membre de Commerce Suisse, vous b\u00e9n\u00e9ficiez de nombreux avantages, d'un bon r\u00e9seau et de services pr\u00e9cieux.","robots":{"index":"index","follow":"follow","max-snippet":"max-snippet:-1","max-image-preview":"max-image-preview:large","max-video-preview":"max-video-preview:-1"},"canonical":"https:\/\/handel-schweiz.com\/fr\/devenir-membre-vaut-la-peine\/","og_locale":"fr_FR","og_type":"article","og_title":"Devenir membre - HANDELSchweiz","og_description":"En devenant membre de Commerce Suisse, vous b\u00e9n\u00e9ficiez de nombreux avantages, d'un bon r\u00e9seau et de services pr\u00e9cieux.","og_url":"https:\/\/handel-schweiz.com\/fr\/devenir-membre-vaut-la-peine\/","og_site_name":"HANDELSchweiz","article_modified_time":"2024-07-30T09:47:33+00:00","og_image":[{"width":1920,"height":1280,"url":"https:\/\/handel-schweiz.com\/wp-content\/uploads\/2023\/10\/red-4867631_1920-e1701612706963.jpg","type":"image\/jpeg"}],"twitter_card":"summary_large_image","twitter_site":"@handelschweiz","twitter_misc":{"Dur\u00e9e de lecture estim\u00e9e":"1 minute"},"schema":{"@context":"https:\/\/schema.org","@graph":[{"@type":"WebPage","@id":"https:\/\/handel-schweiz.com\/fr\/devenir-membre-vaut-la-peine\/","url":"https:\/\/handel-schweiz.com\/fr\/devenir-membre-vaut-la-peine\/","name":"Devenir membre - HANDELSchweiz","isPartOf":{"@id":"https:\/\/handel-schweiz.com\/#website"},"primaryImageOfPage":{"@id":"https:\/\/handel-schweiz.com\/fr\/devenir-membre-vaut-la-peine\/#primaryimage"},"image":{"@id":"https:\/\/handel-schweiz.com\/fr\/devenir-membre-vaut-la-peine\/#primaryimage"},"thumbnailUrl":"https:\/\/handel-schweiz.com\/wp-content\/uploads\/2023\/10\/red-4867631_1920-e1701612706963.jpg","datePublished":"2023-06-13T12:09:59+00:00","dateModified":"2024-07-30T09:47:33+00:00","description":"En devenant membre de Commerce Suisse, vous b\u00e9n\u00e9ficiez de nombreux avantages, d'un bon r\u00e9seau et de services pr\u00e9cieux.","breadcrumb":{"@id":"https:\/\/handel-schweiz.com\/fr\/devenir-membre-vaut-la-peine\/#breadcrumb"},"inLanguage":"fr-FR","potentialAction":[{"@type":"ReadAction","target":["https:\/\/handel-schweiz.com\/fr\/devenir-membre-vaut-la-peine\/"]}]},{"@type":"ImageObject","inLanguage":"fr-FR","@id":"https:\/\/handel-schweiz.com\/fr\/devenir-membre-vaut-la-peine\/#primaryimage","url":"https:\/\/handel-schweiz.com\/wp-content\/uploads\/2023\/10\/red-4867631_1920-e1701612706963.jpg","contentUrl":"https:\/\/handel-schweiz.com\/wp-content\/uploads\/2023\/10\/red-4867631_1920-e1701612706963.jpg","width":1920,"height":1280,"caption":"Mitglied werden lohnt sich! \/ Handel Schweiz"},{"@type":"BreadcrumbList","@id":"https:\/\/handel-schweiz.com\/fr\/devenir-membre-vaut-la-peine\/#breadcrumb","itemListElement":[{"@type":"ListItem","position":1,"name":"Home","item":"https:\/\/handel-schweiz.com\/fr\/"},{"@type":"ListItem","position":2,"name":"Devenir membre"}]},{"@type":"WebSite","@id":"https:\/\/handel-schweiz.com\/#website","url":"https:\/\/handel-schweiz.com\/","name":"HANDELSchweiz","description":"HANDEL f\u00f6rdern und vereinfachen","publisher":{"@id":"https:\/\/handel-schweiz.com\/#organization"},"potentialAction":[{"@type":"SearchAction","target":{"@type":"EntryPoint","urlTemplate":"https:\/\/handel-schweiz.com\/?s={search_term_string}"},"query-input":{"@type":"PropertyValueSpecification","valueRequired":true,"valueName":"search_term_string"}}],"inLanguage":"fr-FR"},{"@type":"Organization","@id":"https:\/\/handel-schweiz.com\/#organization","name":"HandelSchweiz","alternateName":"Handel Schweiz","url":"https:\/\/handel-schweiz.com\/","logo":{"@type":"ImageObject","inLanguage":"fr-FR","@id":"https:\/\/handel-schweiz.com\/#\/schema\/logo\/image\/","url":"https:\/\/handel-schweiz.com\/wp-content\/uploads\/2023\/11\/logo_de.svg","contentUrl":"https:\/\/handel-schweiz.com\/wp-content\/uploads\/2023\/11\/logo_de.svg","width":417,"height":89,"caption":"HandelSchweiz"},"image":{"@id":"https:\/\/handel-schweiz.com\/#\/schema\/logo\/image\/"},"sameAs":["https:\/\/x.com\/handelschweiz","https:\/\/ch.linkedin.com\/company\/handelschweiz"]}]}},"_links":{"self":[{"href":"https:\/\/handel-schweiz.com\/fr\/wp-json\/wp\/v2\/pages\/2326","targetHints":{"allow":["GET"]}}],"collection":[{"href":"https:\/\/handel-schweiz.com\/fr\/wp-json\/wp\/v2\/pages"}],"about":[{"href":"https:\/\/handel-schweiz.com\/fr\/wp-json\/wp\/v2\/types\/page"}],"author":[{"embeddable":true,"href":"https:\/\/handel-schweiz.com\/fr\/wp-json\/wp\/v2\/users\/1"}],"replies":[{"embeddable":true,"href":"https:\/\/handel-schweiz.com\/fr\/wp-json\/wp\/v2\/comments?post=2326"}],"version-history":[{"count":10,"href":"https:\/\/handel-schweiz.com\/fr\/wp-json\/wp\/v2\/pages\/2326\/revisions"}],"predecessor-version":[{"id":3281,"href":"https:\/\/handel-schweiz.com\/fr\/wp-json\/wp\/v2\/pages\/2326\/revisions\/3281"}],"wp:featuredmedia":[{"embeddable":true,"href":"https:\/\/handel-schweiz.com\/fr\/wp-json\/wp\/v2\/media\/1349"}],"wp:attachment":[{"href":"https:\/\/handel-schweiz.com\/fr\/wp-json\/wp\/v2\/media?parent=2326"}],"wp:term":[{"taxonomy":"thema","embeddable":true,"href":"https:\/\/handel-schweiz.com\/fr\/wp-json\/wp\/v2\/thema?post=2326"}],"curies":[{"name":"wp","href":"https:\/\/api.w.org\/{rel}","templated":true}]}}