{"id":2329,"date":"2023-06-13T14:09:39","date_gmt":"2023-06-13T12:09:39","guid":{"rendered":"https:\/\/dev.handelschweiz.bertastrasse1.ch\/downloads\/"},"modified":"2023-12-21T01:44:56","modified_gmt":"2023-12-21T00:44:56","slug":"downloads","status":"publish","type":"page","link":"https:\/\/handel-schweiz.com\/fr\/downloads\/","title":{"rendered":"Downloads"},"content":{"rendered":"\n    <section class=\"downloads-block downloads-block-paddings downloads-block-69f0d91132ff3\">\n        <div class=\"block-bg-color bg-white\"><\/div>\n        <div class=\"loading_fade bg-white\"><\/div>\n\n        <div class=\"downloads-block-content scrollMagic-block\" data-uid=\"69f0d91132ff3\">\n            <div class=\"title-block\">\n                                    <h1 class=\"big\"><p><b>Downloads<\/b><\/p>\n<\/h1>\n                \n                                    <p class=\"leadtext\">Qu&rsquo;est-ce que vous cherchez?<\/p>\n                            <\/div>\n\n            <div class=\"downloads-options\"\n                 data-page=\"1\"\n                 data-maxnumpages=\"5\"\n                 data-postsperpage=\"4\"\n\n                 data-pagemob=\"1\"\n                 data-maxnumpagesmob=\"9\"\n                 data-postsperpagemob=\"2\"\n            >\n                <div class=\"search-wrapper\">\n                    <input type=\"text\" placeholder=\"RECHERCHE\n\" \/>\n                <\/div>\n\n                                    <div class=\"select-wrapper\">\n                        <select class=\"downloads-thema\">\n                            <option value=\"0\">SUJETS<\/option>\n\n                                                            <option value=\"assurances-generales\">assurances g\u00e9n\u00e9rales<\/option>\n                                                            <option value=\"caisses\">Caisses<\/option>\n                                                            <option value=\"commerce\">Commerce<\/option>\n                                                            <option value=\"dialogue-commercial\">Dialogue commercial<\/option>\n                                                            <option value=\"finances\">Finances<\/option>\n                                                            <option value=\"formation-fr\">Formation<\/option>\n                                                            <option value=\"journee-du-commerce\">Journ\u00e9e du Commerce<\/option>\n                                                            <option value=\"partenaire\">Partenaire<\/option>\n                                                            <option value=\"politique\">Politique<\/option>\n                                                            <option value=\"securite\">S\u00e9curit\u00e9<\/option>\n                                                            <option value=\"service-fr-2\">Service<\/option>\n                                                            <option value=\"transport-fr-2\">Transport<\/option>\n                                                            <option value=\"webinaire\">Webinaire<\/option>\n                                                    <\/select>\n                    <\/div>\n                \n                                    <div class=\"select-wrapper\">\n                        <select class=\"downloads-typ\">\n                            <option value=\"0\">Type de fichier<\/option>\n\n                                                            <option value=\"pdf-fr\">PDF<\/option>\n                                                    <\/select>\n                    <\/div>\n                            <\/div>\n\n            <div class=\"downloads-cards-line\"><\/div>\n\n            <div class=\"downloads-cards\">\n                \n<div class=\"small-card\">\n    <div class=\"card-text\">\n        <h3 class=\"text-black mb_0\">Communiqu\u00e9<\/h3>\n\n                    <div>\n                <p class=\"mb_0\">Communiqu\u00e9 de presse pour la r\u00e9forme de la LPP<\/p>\n            <\/div>\n            <\/div>\n\n            <div class=\"card-link\">\n            <a href=\"https:\/\/handel-schweiz.com\/wp-content\/uploads\/2024\/03\/Communique-de-presse_Handel-Schweiz_Kampagne-BVG.pdf\" target=\"_blank\" download=\"\" class=\"main-btn\">Download<\/a>\n        <\/div>\n        <\/div>\n<div class=\"small-card\">\n    <div class=\"card-text\">\n        <h3 class=\"text-black mb_0\">Communiqu\u00e9<\/h3>\n\n                    <div>\n                <p class=\"mb_0\">Communiqu\u00e9 de presse pour les droits de douane am\u00e9ricains<\/p>\n            <\/div>\n            <\/div>\n\n            <div class=\"card-link\">\n            <a href=\"https:\/\/handel-schweiz.com\/wp-content\/uploads\/2025\/04\/FR_Medienmitteilung-HandelSchweiz_US-Strafzoelle-.pdf\" target=\"_blank\" download=\"\" class=\"main-btn\">Download<\/a>\n        <\/div>\n        <\/div>\n<div class=\"small-card\">\n    <div class=\"card-text\">\n        <h3 class=\"text-black mb_0\">Communiqu\u00e9<\/h3>\n\n                    <div>\n                <p class=\"mb_0\">Communiqu\u00e9 de presse pour les droits de douane am\u00e9ricains (ao\u00fbt 2025)<\/p>\n            <\/div>\n            <\/div>\n\n            <div class=\"card-link\">\n            <a href=\"https:\/\/handel-schweiz.com\/wp-content\/uploads\/2025\/08\/Medienmitteilung_US-Zoelle_HandelSchweiz-V2_FR_04.08.2025.pdf\" target=\"_blank\" download=\"\" class=\"main-btn\">Download<\/a>\n        <\/div>\n        <\/div>\n<div class=\"small-card\">\n    <div class=\"card-text\">\n        <h3 class=\"text-black mb_0\">Communiqu\u00e9<\/h3>\n\n                    <div>\n                <p class=\"mb_0\">Les membres de Commerce Suisse saluent la r\u00e9duction des obstacles techniques au commerce<\/p>\n            <\/div>\n            <\/div>\n\n            <div class=\"card-link\">\n            <a href=\"https:\/\/handel-schweiz.com\/wp-content\/uploads\/2025\/10\/Medienmitteilung_Umfrageergebnisse-Bilaterale-III_Handel-Schweiz_FR_15.10.2025.pdf\" target=\"_blank\" download=\"\" class=\"main-btn\">Download<\/a>\n        <\/div>\n        <\/div>            <\/div>\n\n            <div class=\"downloads-cards-mob\">\n                \n<div class=\"small-card\">\n    <div class=\"card-text\">\n        <h3 class=\"text-black mb_0\">Communiqu\u00e9<\/h3>\n\n                    <div>\n                <p class=\"mb_0\">Communiqu\u00e9 de presse pour la r\u00e9forme de la LPP<\/p>\n            <\/div>\n            <\/div>\n\n            <div class=\"card-link\">\n            <a href=\"https:\/\/handel-schweiz.com\/wp-content\/uploads\/2024\/03\/Communique-de-presse_Handel-Schweiz_Kampagne-BVG.pdf\" target=\"_blank\" download=\"\" class=\"main-btn\">Download<\/a>\n        <\/div>\n        <\/div>\n<div class=\"small-card\">\n    <div class=\"card-text\">\n        <h3 class=\"text-black mb_0\">Communiqu\u00e9<\/h3>\n\n                    <div>\n                <p class=\"mb_0\">Communiqu\u00e9 de presse pour les droits de douane am\u00e9ricains<\/p>\n            <\/div>\n            <\/div>\n\n            <div class=\"card-link\">\n            <a href=\"https:\/\/handel-schweiz.com\/wp-content\/uploads\/2025\/04\/FR_Medienmitteilung-HandelSchweiz_US-Strafzoelle-.pdf\" target=\"_blank\" download=\"\" class=\"main-btn\">Download<\/a>\n        <\/div>\n        <\/div>            <\/div>\n        <\/div>\n    <\/section>\n\n    <section class=\"downloads-pagination-block\">\n        <div class=\"block-bg-color bg-white\"><\/div>\n        <div class=\"loading_fade bg-white\"><\/div>\n\n        <div class=\"pagination_container \">\n            <div class=\"pagination_block\"><a href=\"#\" class=\"prev page-numbers disabled\" data-number=\"prev\">\n                <div>\n                    <span class=\"arrow_left\">\n                        <svg width=\"9.10415967px\" height=\"13.9634995px\" viewBox=\"0 0 9.10415967 13.9634995\" version=\"1.1\" xmlns=\"http:\/\/www.w3.org\/2000\/svg\" xmlns:xlink=\"http:\/\/www.w3.org\/1999\/xlink\">\n                            <g id=\"Page-1\" stroke=\"none\" stroke-width=\"1\" fill=\"none\" fill-rule=\"evenodd\">\n                                <g id=\"padination-arrow\" transform=\"translate(5.082499, 6.981839) rotate(180.000000) translate(-5.082499, -6.981839) translate(2.121499, 1.060839)\" stroke=\"#000000\" stroke-width=\"3\">\n                                    <polyline id=\"Path_1978\" points=\"0 0 5.922 5.922 0 11.842\"><\/polyline>\n                                <\/g>\n                            <\/g>\n                        <\/svg>\n                    <\/span>\n                <\/div>\n            <\/a><div><a href=\"#\" class=\"current page-numbers\" data-number=\"1\">1<\/a><a href=\"#\" class=\"page-numbers\" data-number=\"2\">2<\/a><a href=\"#\" class=\"page-numbers\" data-number=\"3\">3<\/a><a href=\"#\" class=\"page-numbers\" data-number=\"4\">4<\/a><a href=\"#\" class=\"page-numbers\" data-number=\"5\">5<\/a><\/div><a href=\"#\" class=\"next page-numbers\" data-number=\"next\">\n                                <div>\n                                    <span class=\"arrow_right\">\n                                        <svg xmlns=\"http:\/\/www.w3.org\/2000\/svg\" width=\"9.104\" height=\"13.963\" viewBox=\"0 0 9.104 13.963\">\n                                          <path id=\"Path_1978\" data-name=\"Path 1978\" d=\"M-24048.6-18705.453l5.922,5.922-5.922,5.92\" transform=\"translate(24049.662 18706.514)\" fill=\"none\" stroke=\"#000\" stroke-width=\"3\"\/>\n                                        <\/svg>\n                                    <\/span>\n                                <\/div>\n                            <\/a><\/div>        <\/div>\n    <\/section>\n\n    <section class=\"downloads-pagination-mob-block\">\n        <div class=\"block-bg-color bg-white\"><\/div>\n        <div class=\"loading_fade bg-white\"><\/div>\n\n        <div class=\"pagination_container \">\n            <div class=\"more-link-block\">\n                <a href=\"#\" class=\"arrow-btn arrow-btn-bg-white\">MEHR ANZEIGEN <span>\u00bb<\/span><\/a>\n            <\/div>\n        <\/div>\n    <\/section>\n\n\n\n\n\n\n\n\n\n","protected":false},"excerpt":{"rendered":"","protected":false},"author":1,"featured_media":1904,"parent":0,"menu_order":0,"comment_status":"closed","ping_status":"closed","template":"","meta":{"_acf_changed":false,"inline_featured_image":false,"_themeisle_gutenberg_block_has_review":false,"footnotes":""},"thema":[85],"class_list":["post-2329","page","type-page","status-publish","has-post-thumbnail","hentry","thema-service-fr-2"],"acf":[],"yoast_head":"<!-- This site is optimized with the Yoast SEO plugin v27.5 - https:\/\/yoast.com\/product\/yoast-seo-wordpress\/ -->\n<title>Downloads - HANDELSchweiz<\/title>\n<meta name=\"description\" content=\"Dokumente f\u00fcr den Download, Papers, Bilder, Statements, Zeitungsartikel, News, Pr\u00e4sentationen, Jahresberichte, Protokoll, Artikel,\" \/>\n<meta name=\"robots\" content=\"index, follow, max-snippet:-1, max-image-preview:large, max-video-preview:-1\" \/>\n<link rel=\"canonical\" href=\"https:\/\/handel-schweiz.com\/fr\/downloads\/\" \/>\n<meta property=\"og:locale\" content=\"fr_FR\" \/>\n<meta property=\"og:type\" content=\"article\" \/>\n<meta property=\"og:title\" content=\"Downloads - HANDELSchweiz\" \/>\n<meta property=\"og:description\" content=\"Dokumente f\u00fcr den Download, Papers, Bilder, Statements, Zeitungsartikel, News, Pr\u00e4sentationen, Jahresberichte, Protokoll, Artikel,\" \/>\n<meta property=\"og:url\" content=\"https:\/\/handel-schweiz.com\/fr\/downloads\/\" \/>\n<meta property=\"og:site_name\" content=\"HANDELSchweiz\" \/>\n<meta property=\"article:modified_time\" content=\"2023-12-21T00:44:56+00:00\" \/>\n<meta property=\"og:image\" content=\"https:\/\/handel-schweiz.com\/wp-content\/uploads\/2023\/11\/pexels-evie-shaffer-2575278.jpg\" \/>\n\t<meta property=\"og:image:width\" content=\"1920\" \/>\n\t<meta property=\"og:image:height\" content=\"2472\" \/>\n\t<meta property=\"og:image:type\" content=\"image\/jpeg\" \/>\n<meta name=\"twitter:card\" content=\"summary_large_image\" \/>\n<meta name=\"twitter:site\" content=\"@handelschweiz\" \/>\n<script type=\"application\/ld+json\" class=\"yoast-schema-graph\">{\"@context\":\"https:\\\/\\\/schema.org\",\"@graph\":[{\"@type\":\"WebPage\",\"@id\":\"https:\\\/\\\/handel-schweiz.com\\\/fr\\\/downloads\\\/\",\"url\":\"https:\\\/\\\/handel-schweiz.com\\\/fr\\\/downloads\\\/\",\"name\":\"Downloads - HANDELSchweiz\",\"isPartOf\":{\"@id\":\"https:\\\/\\\/handel-schweiz.com\\\/#website\"},\"primaryImageOfPage\":{\"@id\":\"https:\\\/\\\/handel-schweiz.com\\\/fr\\\/downloads\\\/#primaryimage\"},\"image\":{\"@id\":\"https:\\\/\\\/handel-schweiz.com\\\/fr\\\/downloads\\\/#primaryimage\"},\"thumbnailUrl\":\"https:\\\/\\\/handel-schweiz.com\\\/wp-content\\\/uploads\\\/2023\\\/11\\\/pexels-evie-shaffer-2575278.jpg\",\"datePublished\":\"2023-06-13T12:09:39+00:00\",\"dateModified\":\"2023-12-21T00:44:56+00:00\",\"description\":\"Dokumente f\u00fcr den Download, Papers, Bilder, Statements, Zeitungsartikel, News, Pr\u00e4sentationen, Jahresberichte, Protokoll, Artikel,\",\"breadcrumb\":{\"@id\":\"https:\\\/\\\/handel-schweiz.com\\\/fr\\\/downloads\\\/#breadcrumb\"},\"inLanguage\":\"fr-FR\",\"potentialAction\":[{\"@type\":\"ReadAction\",\"target\":[\"https:\\\/\\\/handel-schweiz.com\\\/fr\\\/downloads\\\/\"]}]},{\"@type\":\"ImageObject\",\"inLanguage\":\"fr-FR\",\"@id\":\"https:\\\/\\\/handel-schweiz.com\\\/fr\\\/downloads\\\/#primaryimage\",\"url\":\"https:\\\/\\\/handel-schweiz.com\\\/wp-content\\\/uploads\\\/2023\\\/11\\\/pexels-evie-shaffer-2575278.jpg\",\"contentUrl\":\"https:\\\/\\\/handel-schweiz.com\\\/wp-content\\\/uploads\\\/2023\\\/11\\\/pexels-evie-shaffer-2575278.jpg\",\"width\":1920,\"height\":2472},{\"@type\":\"BreadcrumbList\",\"@id\":\"https:\\\/\\\/handel-schweiz.com\\\/fr\\\/downloads\\\/#breadcrumb\",\"itemListElement\":[{\"@type\":\"ListItem\",\"position\":1,\"name\":\"Home\",\"item\":\"https:\\\/\\\/handel-schweiz.com\\\/fr\\\/\"},{\"@type\":\"ListItem\",\"position\":2,\"name\":\"Downloads\"}]},{\"@type\":\"WebSite\",\"@id\":\"https:\\\/\\\/handel-schweiz.com\\\/#website\",\"url\":\"https:\\\/\\\/handel-schweiz.com\\\/\",\"name\":\"HANDELSchweiz\",\"description\":\"HANDEL f\u00f6rdern und vereinfachen\",\"publisher\":{\"@id\":\"https:\\\/\\\/handel-schweiz.com\\\/#organization\"},\"potentialAction\":[{\"@type\":\"SearchAction\",\"target\":{\"@type\":\"EntryPoint\",\"urlTemplate\":\"https:\\\/\\\/handel-schweiz.com\\\/?s={search_term_string}\"},\"query-input\":{\"@type\":\"PropertyValueSpecification\",\"valueRequired\":true,\"valueName\":\"search_term_string\"}}],\"inLanguage\":\"fr-FR\"},{\"@type\":\"Organization\",\"@id\":\"https:\\\/\\\/handel-schweiz.com\\\/#organization\",\"name\":\"HandelSchweiz\",\"alternateName\":\"Handel Schweiz\",\"url\":\"https:\\\/\\\/handel-schweiz.com\\\/\",\"logo\":{\"@type\":\"ImageObject\",\"inLanguage\":\"fr-FR\",\"@id\":\"https:\\\/\\\/handel-schweiz.com\\\/#\\\/schema\\\/logo\\\/image\\\/\",\"url\":\"https:\\\/\\\/handel-schweiz.com\\\/wp-content\\\/uploads\\\/2023\\\/11\\\/logo_de.svg\",\"contentUrl\":\"https:\\\/\\\/handel-schweiz.com\\\/wp-content\\\/uploads\\\/2023\\\/11\\\/logo_de.svg\",\"width\":417,\"height\":89,\"caption\":\"HandelSchweiz\"},\"image\":{\"@id\":\"https:\\\/\\\/handel-schweiz.com\\\/#\\\/schema\\\/logo\\\/image\\\/\"},\"sameAs\":[\"https:\\\/\\\/x.com\\\/handelschweiz\",\"https:\\\/\\\/ch.linkedin.com\\\/company\\\/handelschweiz\"]}]}<\/script>\n<!-- \/ Yoast SEO plugin. -->","yoast_head_json":{"title":"Downloads - HANDELSchweiz","description":"Dokumente f\u00fcr den Download, Papers, Bilder, Statements, Zeitungsartikel, News, Pr\u00e4sentationen, Jahresberichte, Protokoll, Artikel,","robots":{"index":"index","follow":"follow","max-snippet":"max-snippet:-1","max-image-preview":"max-image-preview:large","max-video-preview":"max-video-preview:-1"},"canonical":"https:\/\/handel-schweiz.com\/fr\/downloads\/","og_locale":"fr_FR","og_type":"article","og_title":"Downloads - HANDELSchweiz","og_description":"Dokumente f\u00fcr den Download, Papers, Bilder, Statements, Zeitungsartikel, News, Pr\u00e4sentationen, Jahresberichte, Protokoll, Artikel,","og_url":"https:\/\/handel-schweiz.com\/fr\/downloads\/","og_site_name":"HANDELSchweiz","article_modified_time":"2023-12-21T00:44:56+00:00","og_image":[{"width":1920,"height":2472,"url":"https:\/\/handel-schweiz.com\/wp-content\/uploads\/2023\/11\/pexels-evie-shaffer-2575278.jpg","type":"image\/jpeg"}],"twitter_card":"summary_large_image","twitter_site":"@handelschweiz","schema":{"@context":"https:\/\/schema.org","@graph":[{"@type":"WebPage","@id":"https:\/\/handel-schweiz.com\/fr\/downloads\/","url":"https:\/\/handel-schweiz.com\/fr\/downloads\/","name":"Downloads - HANDELSchweiz","isPartOf":{"@id":"https:\/\/handel-schweiz.com\/#website"},"primaryImageOfPage":{"@id":"https:\/\/handel-schweiz.com\/fr\/downloads\/#primaryimage"},"image":{"@id":"https:\/\/handel-schweiz.com\/fr\/downloads\/#primaryimage"},"thumbnailUrl":"https:\/\/handel-schweiz.com\/wp-content\/uploads\/2023\/11\/pexels-evie-shaffer-2575278.jpg","datePublished":"2023-06-13T12:09:39+00:00","dateModified":"2023-12-21T00:44:56+00:00","description":"Dokumente f\u00fcr den Download, Papers, Bilder, Statements, Zeitungsartikel, News, Pr\u00e4sentationen, Jahresberichte, Protokoll, Artikel,","breadcrumb":{"@id":"https:\/\/handel-schweiz.com\/fr\/downloads\/#breadcrumb"},"inLanguage":"fr-FR","potentialAction":[{"@type":"ReadAction","target":["https:\/\/handel-schweiz.com\/fr\/downloads\/"]}]},{"@type":"ImageObject","inLanguage":"fr-FR","@id":"https:\/\/handel-schweiz.com\/fr\/downloads\/#primaryimage","url":"https:\/\/handel-schweiz.com\/wp-content\/uploads\/2023\/11\/pexels-evie-shaffer-2575278.jpg","contentUrl":"https:\/\/handel-schweiz.com\/wp-content\/uploads\/2023\/11\/pexels-evie-shaffer-2575278.jpg","width":1920,"height":2472},{"@type":"BreadcrumbList","@id":"https:\/\/handel-schweiz.com\/fr\/downloads\/#breadcrumb","itemListElement":[{"@type":"ListItem","position":1,"name":"Home","item":"https:\/\/handel-schweiz.com\/fr\/"},{"@type":"ListItem","position":2,"name":"Downloads"}]},{"@type":"WebSite","@id":"https:\/\/handel-schweiz.com\/#website","url":"https:\/\/handel-schweiz.com\/","name":"HANDELSchweiz","description":"HANDEL f\u00f6rdern und vereinfachen","publisher":{"@id":"https:\/\/handel-schweiz.com\/#organization"},"potentialAction":[{"@type":"SearchAction","target":{"@type":"EntryPoint","urlTemplate":"https:\/\/handel-schweiz.com\/?s={search_term_string}"},"query-input":{"@type":"PropertyValueSpecification","valueRequired":true,"valueName":"search_term_string"}}],"inLanguage":"fr-FR"},{"@type":"Organization","@id":"https:\/\/handel-schweiz.com\/#organization","name":"HandelSchweiz","alternateName":"Handel Schweiz","url":"https:\/\/handel-schweiz.com\/","logo":{"@type":"ImageObject","inLanguage":"fr-FR","@id":"https:\/\/handel-schweiz.com\/#\/schema\/logo\/image\/","url":"https:\/\/handel-schweiz.com\/wp-content\/uploads\/2023\/11\/logo_de.svg","contentUrl":"https:\/\/handel-schweiz.com\/wp-content\/uploads\/2023\/11\/logo_de.svg","width":417,"height":89,"caption":"HandelSchweiz"},"image":{"@id":"https:\/\/handel-schweiz.com\/#\/schema\/logo\/image\/"},"sameAs":["https:\/\/x.com\/handelschweiz","https:\/\/ch.linkedin.com\/company\/handelschweiz"]}]}},"_links":{"self":[{"href":"https:\/\/handel-schweiz.com\/fr\/wp-json\/wp\/v2\/pages\/2329","targetHints":{"allow":["GET"]}}],"collection":[{"href":"https:\/\/handel-schweiz.com\/fr\/wp-json\/wp\/v2\/pages"}],"about":[{"href":"https:\/\/handel-schweiz.com\/fr\/wp-json\/wp\/v2\/types\/page"}],"author":[{"embeddable":true,"href":"https:\/\/handel-schweiz.com\/fr\/wp-json\/wp\/v2\/users\/1"}],"replies":[{"embeddable":true,"href":"https:\/\/handel-schweiz.com\/fr\/wp-json\/wp\/v2\/comments?post=2329"}],"version-history":[{"count":3,"href":"https:\/\/handel-schweiz.com\/fr\/wp-json\/wp\/v2\/pages\/2329\/revisions"}],"predecessor-version":[{"id":2948,"href":"https:\/\/handel-schweiz.com\/fr\/wp-json\/wp\/v2\/pages\/2329\/revisions\/2948"}],"wp:featuredmedia":[{"embeddable":true,"href":"https:\/\/handel-schweiz.com\/fr\/wp-json\/wp\/v2\/media\/1904"}],"wp:attachment":[{"href":"https:\/\/handel-schweiz.com\/fr\/wp-json\/wp\/v2\/media?parent=2329"}],"wp:term":[{"taxonomy":"thema","embeddable":true,"href":"https:\/\/handel-schweiz.com\/fr\/wp-json\/wp\/v2\/thema?post=2329"}],"curies":[{"name":"wp","href":"https:\/\/api.w.org\/{rel}","templated":true}]}}